{"id":76,"date":"2020-06-17T12:34:02","date_gmt":"2020-06-17T12:34:02","guid":{"rendered":"https:\/\/demosites.io\/doctor-gb\/?page_id=76"},"modified":"2025-06-02T19:07:06","modified_gmt":"2025-06-02T17:07:06","slug":"inicio","status":"publish","type":"page","link":"https:\/\/www.laboratoriochicano.com\/web\/","title":{"rendered":"Inicio"},"content":{"rendered":"\n<div id=\"wp-block-themeisle-blocks-advanced-columns-c0e9e719\" class=\"wp-block-themeisle-blocks-advanced-columns alignfull has-2-columns has-desktop-equal-layout has-tablet-equal-layout has-mobile-collapsedRows-layout has-vertical-unset\"><div class=\"wp-block-themeisle-blocks-advanced-columns-overlay\"><\/div><div class=\"innerblocks-wrap\">\n<div id=\"wp-block-themeisle-blocks-advanced-column-11971373\" class=\"wp-block-themeisle-blocks-advanced-column\">\n<h1 class=\"wp-block-heading has-white-color has-text-color\"><span class=\"has-inline-color has-nv-dark-bg-color\">Laboratorio Chicano<\/span><\/h1>\n\n\n\n<p class=\"has-white-color has-text-color\" style=\"font-size:21px\"><span class=\"has-inline-color has-nv-dark-bg-color\">Tu laboratorio de an\u00e1lisis cl\u00ednicos en Murcia<\/span><\/p>\n\n\n\n<div style=\"height:20px\" aria-hidden=\"true\" class=\"wp-block-spacer\"><\/div>\n<\/div>\n\n\n\n<div id=\"wp-block-themeisle-blocks-advanced-column-15183923\" class=\"wp-block-themeisle-blocks-advanced-column\"><\/div>\n<\/div><\/div>\n\n\n\n<div id=\"wp-block-themeisle-blocks-advanced-columns-14c10a7c\" class=\"wp-block-themeisle-blocks-advanced-columns alignfull has-1-columns has-desktop-equal-layout has-tablet-equal-layout has-mobile-equal-layout has-vertical-unset\"><div class=\"wp-block-themeisle-blocks-advanced-columns-overlay\"><\/div><div class=\"innerblocks-wrap\">\n<div id=\"wp-block-themeisle-blocks-advanced-column-f4a8cf52\" class=\"wp-block-themeisle-blocks-advanced-column has-light-bg\">\n<div id=\"wp-block-themeisle-blocks-advanced-columns-beb3c559\" class=\"wp-block-themeisle-blocks-advanced-columns has-2-columns has-desktop-oneTwo-layout has-tablet-equal-layout has-mobile-collapsedRows-layout has-vertical-unset\"><div class=\"wp-block-themeisle-blocks-advanced-columns-overlay\"><\/div><div class=\"innerblocks-wrap\">\n<div id=\"wp-block-themeisle-blocks-advanced-column-06298299\" class=\"wp-block-themeisle-blocks-advanced-column\">\n<div id=\"wp-block-themeisle-blocks-font-awesome-icons-6320c639\" class=\"wp-block-themeisle-blocks-font-awesome-icons\"><span class=\"wp-block-themeisle-blocks-font-awesome-icons-container\"><i class=\"fas fa-microscope\"><\/i><\/span><\/div>\n<\/div>\n\n\n\n<div id=\"wp-block-themeisle-blocks-advanced-column-c7110089\" class=\"wp-block-themeisle-blocks-advanced-column\">\n<h4 id=\"wp-block-themeisle-blocks-advanced-heading-98ba2bef\" class=\"wp-block-themeisle-blocks-advanced-heading wp-block-themeisle-blocks-advanced-heading-98ba2bef\">Hacemos todo tipo de an\u00e1lisis cl\u00ednicos as\u00ed como estudios de fertilidad, pruebas de paternidad, microbiolog\u00eda y parasitolog\u00eda y Bioqu\u00edmica.<\/h4>\n<\/div>\n<\/div><\/div>\n<\/div>\n<\/div><\/div>\n\n\n\n<div id=\"wp-block-themeisle-blocks-advanced-columns-411e75db\" class=\"wp-block-themeisle-blocks-advanced-columns alignfull has-2-columns has-desktop-equal-layout has-tablet-equal-layout has-mobile-collapsedRows-layout has-vertical-unset\"><div class=\"wp-block-themeisle-blocks-advanced-columns-overlay\"><\/div><div class=\"innerblocks-wrap\">\n<div id=\"wp-block-themeisle-blocks-advanced-column-38d61ed0\" class=\"wp-block-themeisle-blocks-advanced-column\">\n<h2 class=\"wp-block-heading has-text-align-left\">Sobre nosotros<\/h2>\n\n\n\n<div style=\"height:40px\" aria-hidden=\"true\" class=\"wp-block-spacer\"><\/div>\n\n\n\n<p class=\"has-text-align-left has-normal-font-size\">Somos un laboratorio de an\u00e1lisis cl\u00ednicos que llevamos abiertos desde el a\u00f1o 1994.<\/p>\n<\/div>\n\n\n\n<div id=\"wp-block-themeisle-blocks-advanced-column-6c3910be\" class=\"wp-block-themeisle-blocks-advanced-column\"><div class=\"wp-block-image is-style-default\">\n<figure class=\"aligncenter size-large\"><img loading=\"lazy\" decoding=\"async\" width=\"1024\" height=\"688\" src=\"https:\/\/www.laboratoriochicano.com\/web\/wp-content\/uploads\/2021\/05\/hyttalo-souza-a1p0Z7RSkL8-unsplash-1024x688.jpg\" alt=\"inyecci\u00f3n\" class=\"wp-image-394\" srcset=\"https:\/\/www.laboratoriochicano.com\/web\/wp-content\/uploads\/2021\/05\/hyttalo-souza-a1p0Z7RSkL8-unsplash-1024x688.jpg 1024w, https:\/\/www.laboratoriochicano.com\/web\/wp-content\/uploads\/2021\/05\/hyttalo-souza-a1p0Z7RSkL8-unsplash-300x202.jpg 300w, https:\/\/www.laboratoriochicano.com\/web\/wp-content\/uploads\/2021\/05\/hyttalo-souza-a1p0Z7RSkL8-unsplash-768x516.jpg 768w, https:\/\/www.laboratoriochicano.com\/web\/wp-content\/uploads\/2021\/05\/hyttalo-souza-a1p0Z7RSkL8-unsplash-1536x1033.jpg 1536w, https:\/\/www.laboratoriochicano.com\/web\/wp-content\/uploads\/2021\/05\/hyttalo-souza-a1p0Z7RSkL8-unsplash-2048x1377.jpg 2048w\" sizes=\"auto, (max-width: 1024px) 100vw, 1024px\" \/><\/figure>\n<\/div><\/div>\n<\/div><\/div>\n\n\n\n<div id=\"wp-block-themeisle-blocks-advanced-columns-9f45434d\" class=\"wp-block-themeisle-blocks-advanced-columns alignfull has-3-columns has-desktop-equal-layout has-tablet-collapsedRows-layout has-mobile-collapsedRows-layout has-vertical-center has-light-bg\"><div class=\"wp-block-themeisle-blocks-advanced-columns-overlay\"><\/div><div class=\"innerblocks-wrap\">\n<div id=\"wp-block-themeisle-blocks-advanced-column-959dfb1e\" class=\"wp-block-themeisle-blocks-advanced-column\">\n<h2 class=\"wp-block-heading\">Por qu\u00e9 nosotros?<\/h2>\n\n\n\n<p>Aqu\u00ed tienes algunos motivos por lo que puedes confiar en nosotros. Si tienes alguna duda, <a href=\"\/web\/contacto\" target=\"_blank\" rel=\"noreferrer noopener\">env\u00edanos un e-mail<\/a>, <a href=\"\/web\/contacto\" target=\"_blank\" rel=\"noreferrer noopener\">ll\u00e1manos<\/a> o <a href=\"\/web\/contacto\" target=\"_blank\" rel=\"noreferrer noopener\">ven a vernos<\/a>.<\/p>\n\n\n<div class=\"wp-block-image\">\n<figure class=\"aligncenter size-large\"><img loading=\"lazy\" decoding=\"async\" width=\"900\" height=\"600\" src=\"https:\/\/www.laboratoriochicano.com\/web\/wp-content\/uploads\/2021\/06\/nuevo-test-tube-5065426_1920.jpg\" alt=\"\" class=\"wp-image-450\" srcset=\"https:\/\/www.laboratoriochicano.com\/web\/wp-content\/uploads\/2021\/06\/nuevo-test-tube-5065426_1920.jpg 900w, https:\/\/www.laboratoriochicano.com\/web\/wp-content\/uploads\/2021\/06\/nuevo-test-tube-5065426_1920-300x200.jpg 300w, https:\/\/www.laboratoriochicano.com\/web\/wp-content\/uploads\/2021\/06\/nuevo-test-tube-5065426_1920-768x512.jpg 768w\" sizes=\"auto, (max-width: 900px) 100vw, 900px\" \/><\/figure>\n<\/div><\/div>\n\n\n\n<div id=\"wp-block-themeisle-blocks-advanced-column-0dd9f79e\" class=\"wp-block-themeisle-blocks-advanced-column\">\n<div id=\"wp-block-themeisle-blocks-advanced-columns-e247e03e\" class=\"wp-block-themeisle-blocks-advanced-columns has-1-columns has-desktop-equal-layout has-tablet-equal-layout has-mobile-equal-layout has-vertical-unset has-light-bg\"><div class=\"wp-block-themeisle-blocks-advanced-columns-overlay\"><\/div><div class=\"innerblocks-wrap\">\n<div id=\"wp-block-themeisle-blocks-advanced-column-50a26de0\" class=\"wp-block-themeisle-blocks-advanced-column\">\n<div id=\"wp-block-themeisle-blocks-font-awesome-icons-eebca2fd\" class=\"wp-block-themeisle-blocks-font-awesome-icons\"><span class=\"wp-block-themeisle-blocks-font-awesome-icons-container\"><i class=\"fas fa-thumbs-up\"><\/i><\/span><\/div>\n\n\n\n<h3 class=\"wp-block-heading has-text-align-left\">Eficientes<\/h3>\n\n\n\n<p class=\"has-text-align-left\">Nos esmeramos para que tu informe te llegue lo antes posible, incluso en el mismo d\u00eda.&nbsp;&nbsp;<\/p>\n<\/div>\n<\/div><\/div>\n\n\n\n<div id=\"wp-block-themeisle-blocks-advanced-columns-c6f7b57d\" class=\"wp-block-themeisle-blocks-advanced-columns has-1-columns has-desktop-equal-layout has-tablet-equal-layout has-mobile-equal-layout has-vertical-unset has-light-bg\"><div class=\"wp-block-themeisle-blocks-advanced-columns-overlay\"><\/div><div class=\"innerblocks-wrap\">\n<div id=\"wp-block-themeisle-blocks-advanced-column-28ed1ca3\" class=\"wp-block-themeisle-blocks-advanced-column\">\n<div id=\"wp-block-themeisle-blocks-font-awesome-icons-a30660ed\" class=\"wp-block-themeisle-blocks-font-awesome-icons\"><span class=\"wp-block-themeisle-blocks-font-awesome-icons-container\"><i class=\"fas fa-calendar-day\"><\/i><\/span><\/div>\n\n\n\n<h3 class=\"wp-block-heading has-text-align-left\">Flexibles<\/h3>\n\n\n\n<p class=\"has-text-align-left\">Con antelaci\u00f3n y cita previa podemos hace extracciones a domicilio.&nbsp;<\/p>\n<\/div>\n<\/div><\/div>\n<\/div>\n\n\n\n<div id=\"wp-block-themeisle-blocks-advanced-column-cdde709a\" class=\"wp-block-themeisle-blocks-advanced-column\">\n<div id=\"wp-block-themeisle-blocks-advanced-columns-a746c08c\" class=\"wp-block-themeisle-blocks-advanced-columns has-1-columns has-desktop-equal-layout has-tablet-equal-layout has-mobile-equal-layout has-vertical-unset has-light-bg\"><div class=\"wp-block-themeisle-blocks-advanced-columns-overlay\"><\/div><div class=\"innerblocks-wrap\">\n<div id=\"wp-block-themeisle-blocks-advanced-column-b519b936\" class=\"wp-block-themeisle-blocks-advanced-column\">\n<div id=\"wp-block-themeisle-blocks-font-awesome-icons-525e58a7\" class=\"wp-block-themeisle-blocks-font-awesome-icons\"><span class=\"wp-block-themeisle-blocks-font-awesome-icons-container\"><i class=\"fas fa-shield-alt\"><\/i><\/span><\/div>\n\n\n\n<h3 class=\"wp-block-heading has-text-align-left\">Privacidad<\/h3>\n\n\n\n<p class=\"has-text-align-left\">La entrega de informes tambi\u00e9n puede ser mediante correo electr\u00f3nico personalizado. En cualquier caso, siempre atendiendo las normas establecidas de obligado cumplimiento en la protecci\u00f3n de datos.<\/p>\n<\/div>\n<\/div><\/div>\n\n\n\n<div id=\"wp-block-themeisle-blocks-advanced-columns-9e3ccd82\" class=\"wp-block-themeisle-blocks-advanced-columns has-1-columns has-desktop-equal-layout has-tablet-equal-layout has-mobile-equal-layout has-vertical-unset has-light-bg\"><div class=\"wp-block-themeisle-blocks-advanced-columns-overlay\"><\/div><div class=\"innerblocks-wrap\">\n<div id=\"wp-block-themeisle-blocks-advanced-column-ba0d0007\" class=\"wp-block-themeisle-blocks-advanced-column\">\n<div id=\"wp-block-themeisle-blocks-font-awesome-icons-b3828bfc\" class=\"wp-block-themeisle-blocks-font-awesome-icons\"><span class=\"wp-block-themeisle-blocks-font-awesome-icons-container\"><i class=\"fas fa-microscope\"><\/i><\/span><\/div>\n\n\n\n<h3 class=\"wp-block-heading has-text-align-left\">Cuidadosos<\/h3>\n\n\n\n<p class=\"has-text-align-left\">Tratamos las extracciones dif\u00edciles con pacientes de quimioterapia, de ni\u00f1os o personas con venas muy finas.<\/p>\n<\/div>\n<\/div><\/div>\n\n\n\n<div id=\"wp-block-themeisle-blocks-advanced-columns-e8d5f618\" class=\"wp-block-themeisle-blocks-advanced-columns has-1-columns has-desktop-equal-layout has-tablet-equal-layout has-mobile-equal-layout has-vertical-unset has-light-bg\"><div class=\"wp-block-themeisle-blocks-advanced-columns-overlay\"><\/div><div class=\"innerblocks-wrap\">\n<div id=\"wp-block-themeisle-blocks-advanced-column-d40141c3\" class=\"wp-block-themeisle-blocks-advanced-column\">\n<div id=\"wp-block-themeisle-blocks-font-awesome-icons-ba1b8df7\" class=\"wp-block-themeisle-blocks-font-awesome-icons\"><span class=\"wp-block-themeisle-blocks-font-awesome-icons-container\"><i class=\"fas fa-asterisk\"><\/i><\/span><\/div>\n\n\n\n<h3 class=\"wp-block-heading has-text-align-left\">Pruebas hormonales<\/h3>\n\n\n\n<p class=\"has-text-align-left\">Realizamos pruebas hormonales (FSH, LH, estradiol, progesterona, prolactina\u2026) y damos el resultado en la misma ma\u00f1ana. (consulte para otras determinaciones).<\/p>\n<\/div>\n<\/div><\/div>\n<\/div>\n<\/div><\/div>\n","protected":false},"excerpt":{"rendered":"","protected":false},"author":1,"featured_media":0,"parent":0,"menu_order":0,"comment_status":"closed","ping_status":"closed","template":"","meta":{"neve_meta_sidebar":"full-width","neve_meta_container":"","neve_meta_enable_content_width":"on","neve_meta_content_width":100,"neve_meta_title_alignment":"","neve_meta_author_avatar":"","neve_post_elements_order":"","neve_meta_disable_header":"","neve_meta_disable_footer":"","neve_meta_disable_title":"on","neve_meta_reading_time":"","advanced_seo_description":"","jetpack_seo_html_title":"","jetpack_seo_noindex":false,"_themeisle_gutenberg_block_has_review":false,"footnotes":""},"class_list":["post-76","page","type-page","status-publish","hentry"],"jetpack_sharing_enabled":true,"_links":{"self":[{"href":"https:\/\/www.laboratoriochicano.com\/web\/wp-json\/wp\/v2\/pages\/76","targetHints":{"allow":["GET"]}}],"collection":[{"href":"https:\/\/www.laboratoriochicano.com\/web\/wp-json\/wp\/v2\/pages"}],"about":[{"href":"https:\/\/www.laboratoriochicano.com\/web\/wp-json\/wp\/v2\/types\/page"}],"author":[{"embeddable":true,"href":"https:\/\/www.laboratoriochicano.com\/web\/wp-json\/wp\/v2\/users\/1"}],"replies":[{"embeddable":true,"href":"https:\/\/www.laboratoriochicano.com\/web\/wp-json\/wp\/v2\/comments?post=76"}],"version-history":[{"count":19,"href":"https:\/\/www.laboratoriochicano.com\/web\/wp-json\/wp\/v2\/pages\/76\/revisions"}],"predecessor-version":[{"id":694,"href":"https:\/\/www.laboratoriochicano.com\/web\/wp-json\/wp\/v2\/pages\/76\/revisions\/694"}],"wp:attachment":[{"href":"https:\/\/www.laboratoriochicano.com\/web\/wp-json\/wp\/v2\/media?parent=76"}],"curies":[{"name":"wp","href":"https:\/\/api.w.org\/{rel}","templated":true}]}}