{"id":407,"date":"2021-05-30T21:41:58","date_gmt":"2021-05-30T19:41:58","guid":{"rendered":"https:\/\/www.laboratoriochicano.com\/web\/?page_id=407"},"modified":"2021-05-30T21:43:29","modified_gmt":"2021-05-30T19:43:29","slug":"privacidad","status":"publish","type":"page","link":"https:\/\/www.laboratoriochicano.com\/web\/privacidad\/","title":{"rendered":"Privacidad"},"content":{"rendered":"\n<p>De acuerdo con lo establecido por la Ley Org\u00e1nica 15\/1999, de 13 de diciembre, de Protecci\u00f3n de Datos de Car\u00e1cter Personal (LOPD), el cliente\/usuario queda informado y presta su consentimiento a la incorporaci\u00f3n de sus datos a un fichero de clientes del que es responsable nuestra clinica con la finalidad de poder prestarle los servicios solicitados, informarle sobre los productos y servicios solicitados, as\u00ed como el env\u00edo de comunicaciones comerciales sobre los mismos.<\/p>\n\n\n\n<p>Le informamos tambi\u00e9n sobre sus derechos de acceso, rectificaci\u00f3n, cancelaci\u00f3n y oposici\u00f3n, que podr\u00e1 ejercer enviando un correo a la direcci\u00f3n info@laboratoriochicano.com. Le informamos tambi\u00e9n que los datos personales suministrados no ser\u00e1n cedidos ni comunicados, ni siquiera para su conservaci\u00f3n, a terceras personas.<\/p>\n\n\n\n<p>Consulte la <a href=\"https:\/\/www.laboratoriochicano.com\/web\/legal\/\" data-type=\"page\" data-id=\"401\">informaci\u00f3n legal<\/a> as\u00ed como los detalles sobre el <a href=\"https:\/\/www.laboratoriochicano.com\/web\/cookies\/\" data-type=\"page\" data-id=\"405\">uso de cookies<\/a> en nuestro sitio.<\/p>\n","protected":false},"excerpt":{"rendered":"<p>De acuerdo con lo establecido por la Ley Org\u00e1nica 15\/1999, de 13 de diciembre, de Protecci\u00f3n de Datos de Car\u00e1cter Personal (LOPD), el cliente\/usuario queda informado y presta su consentimiento a la incorporaci\u00f3n de sus datos a un fichero de clientes del que es responsable nuestra clinica con la finalidad de poder prestarle los servicios&hellip;&nbsp;<a href=\"https:\/\/www.laboratoriochicano.com\/web\/privacidad\/\" rel=\"bookmark\">Leer m\u00e1s &raquo;<span class=\"screen-reader-text\">Privacidad<\/span><\/a><\/p>\n","protected":false},"author":1,"featured_media":0,"parent":0,"menu_order":0,"comment_status":"closed","ping_status":"closed","template":"","meta":{"neve_meta_sidebar":"full-width","neve_meta_container":"","neve_meta_enable_content_width":"on","neve_meta_content_width":100,"neve_meta_title_alignment":"","neve_meta_author_avatar":"","neve_post_elements_order":"","neve_meta_disable_header":"","neve_meta_disable_footer":"","neve_meta_disable_title":"","neve_meta_reading_time":"","advanced_seo_description":"","jetpack_seo_html_title":"","jetpack_seo_noindex":false,"_themeisle_gutenberg_block_has_review":false,"footnotes":""},"class_list":["post-407","page","type-page","status-publish","hentry"],"jetpack_sharing_enabled":true,"_links":{"self":[{"href":"https:\/\/www.laboratoriochicano.com\/web\/wp-json\/wp\/v2\/pages\/407","targetHints":{"allow":["GET"]}}],"collection":[{"href":"https:\/\/www.laboratoriochicano.com\/web\/wp-json\/wp\/v2\/pages"}],"about":[{"href":"https:\/\/www.laboratoriochicano.com\/web\/wp-json\/wp\/v2\/types\/page"}],"author":[{"embeddable":true,"href":"https:\/\/www.laboratoriochicano.com\/web\/wp-json\/wp\/v2\/users\/1"}],"replies":[{"embeddable":true,"href":"https:\/\/www.laboratoriochicano.com\/web\/wp-json\/wp\/v2\/comments?post=407"}],"version-history":[{"count":3,"href":"https:\/\/www.laboratoriochicano.com\/web\/wp-json\/wp\/v2\/pages\/407\/revisions"}],"predecessor-version":[{"id":411,"href":"https:\/\/www.laboratoriochicano.com\/web\/wp-json\/wp\/v2\/pages\/407\/revisions\/411"}],"wp:attachment":[{"href":"https:\/\/www.laboratoriochicano.com\/web\/wp-json\/wp\/v2\/media?parent=407"}],"curies":[{"name":"wp","href":"https:\/\/api.w.org\/{rel}","templated":true}]}}